{"id":5290,"date":"2025-09-11T16:27:46","date_gmt":"2025-09-11T14:27:46","guid":{"rendered":"https:\/\/la-vallee-heureuse.pausado.com\/?page_id=5290"},"modified":"2026-03-04T12:28:36","modified_gmt":"2026-03-04T11:28:36","slug":"promotions-camping-la-vallee-heureuse","status":"publish","type":"page","link":"http:\/\/la-vallee-heureuse.pausado.com\/en\/promotions-camping-la-vallee-heureuse","title":{"rendered":"La Vall\u00e9e Heureuse campsite special offers"},"content":{"rendered":"\n<h5 class=\"wp-block-heading\">Want to enjoy the Alpilles at the best price?<br>Take a look at our <strong>special deals<\/strong> at <strong>Camping La Vall\u00e9e Heureuse<\/strong>****.<\/h5>\n\n\n\n<p>Enjoy <strong>exclusive discounts<\/strong> on mobile homes and camping pitches at <strong>Camping La Vall\u00e9e Heureuse<\/strong>, set in the heart of the Alpilles in Orgon. Treat yourself to a <strong>relaxed family holiday in Provence<\/strong>, surrounded by cliffs, pine forests and warm summer light. Book your <strong>affordable Provence getaway<\/strong> now \u2014 secure payment and peace of mind guaranteed!<\/p>\n\n\n\n<p><\/p>\n","protected":false},"excerpt":{"rendered":"<p>Want to enjoy the Alpilles at the best price?Take a look at our special deals at Camping La Vall\u00e9e Heureuse****. Enjoy exclusive discounts on mobile homes and camping pitches at Camping La Vall\u00e9e Heureuse, set in the heart of the Alpilles in Orgon. Treat yourself to a relaxed family holiday in Provence, surrounded by cliffs, [&hellip;]<\/p>\n","protected":false},"author":4,"featured_media":5288,"parent":0,"menu_order":0,"comment_status":"closed","ping_status":"closed","template":"page-landing-promotion.php","meta":{"_acf_changed":false,"footnotes":""},"class_list":["post-5290","page","type-page","status-publish","has-post-thumbnail","hentry"],"acf":[],"yoast_head":"<!-- This site is optimized with the Yoast SEO plugin v27.3 - https:\/\/yoast.com\/product\/yoast-seo-wordpress\/ -->\n<title>Offre promo de printemps | Camping La Vall\u00e9e Heureuse - Alpilles<\/title>\n<meta name=\"description\" content=\"Profitez de notre offre de Printemps au Camping La Vall\u00e9e Heureuse \u00e0 Orgon, au c\u0153ur des Alpilles et \u00e9conomisez jusqu&#039;\u00e0 -20% !\" \/>\n<meta name=\"robots\" content=\"index, follow, max-snippet:-1, max-image-preview:large, max-video-preview:-1\" \/>\n<link rel=\"canonical\" href=\"http:\/\/la-vallee-heureuse.pausado.com\/en\/promotions-camping-la-vallee-heureuse\" \/>\n<meta property=\"og:locale\" content=\"en_US\" \/>\n<meta property=\"og:type\" content=\"article\" \/>\n<meta property=\"og:title\" content=\"Offre promo de printemps | Camping La Vall\u00e9e Heureuse - Alpilles\" \/>\n<meta property=\"og:description\" content=\"Profitez de notre offre de Printemps au Camping La Vall\u00e9e Heureuse \u00e0 Orgon, au c\u0153ur des Alpilles et \u00e9conomisez jusqu&#039;\u00e0 -20% !\" \/>\n<meta property=\"og:url\" content=\"http:\/\/la-vallee-heureuse.pausado.com\/en\/promotions-camping-la-vallee-heureuse\" \/>\n<meta property=\"og:site_name\" content=\"La Vall\u00e9e Heureuse\" \/>\n<meta property=\"article:publisher\" content=\"https:\/\/www.facebook.com\/campingvalleeheureuse\/\" \/>\n<meta property=\"article:modified_time\" content=\"2026-03-04T11:28:36+00:00\" \/>\n<meta property=\"og:image\" content=\"https:\/\/la-vallee-heureuse.pausado.com\/wp-content\/uploads\/sites\/7\/2024\/01\/vallee-heureuse-camping-logo-23-1.png\" \/>\n\t<meta property=\"og:image:width\" content=\"1004\" \/>\n\t<meta property=\"og:image:height\" content=\"392\" \/>\n\t<meta property=\"og:image:type\" content=\"image\/png\" \/>\n<meta name=\"twitter:card\" content=\"summary_large_image\" \/>\n<script type=\"application\/ld+json\" class=\"yoast-schema-graph\">{\"@context\":\"https:\\\/\\\/schema.org\",\"@graph\":[{\"@type\":\"WebPage\",\"@id\":\"http:\\\/\\\/la-vallee-heureuse.pausado.com\\\/en\\\/promotions-camping-la-vallee-heureuse\",\"url\":\"http:\\\/\\\/la-vallee-heureuse.pausado.com\\\/en\\\/promotions-camping-la-vallee-heureuse\",\"name\":\"Offre promo de printemps | Camping La Vall\u00e9e Heureuse - Alpilles\",\"isPartOf\":{\"@id\":\"https:\\\/\\\/la-vallee-heureuse.pausado.com\\\/en\\\/#website\"},\"primaryImageOfPage\":{\"@id\":\"http:\\\/\\\/la-vallee-heureuse.pausado.com\\\/en\\\/promotions-camping-la-vallee-heureuse#primaryimage\"},\"image\":{\"@id\":\"http:\\\/\\\/la-vallee-heureuse.pausado.com\\\/en\\\/promotions-camping-la-vallee-heureuse#primaryimage\"},\"thumbnailUrl\":\"https:\\\/\\\/la-vallee-heureuse.pausado.com\\\/wp-content\\\/uploads\\\/sites\\\/7\\\/2025\\\/11\\\/VH-MEA-camping_converted-2.avif\",\"datePublished\":\"2025-09-11T14:27:46+00:00\",\"dateModified\":\"2026-03-04T11:28:36+00:00\",\"description\":\"Profitez de notre offre de Printemps au Camping La Vall\u00e9e Heureuse \u00e0 Orgon, au c\u0153ur des Alpilles et \u00e9conomisez jusqu'\u00e0 -20% !\",\"breadcrumb\":{\"@id\":\"http:\\\/\\\/la-vallee-heureuse.pausado.com\\\/en\\\/promotions-camping-la-vallee-heureuse#breadcrumb\"},\"inLanguage\":\"en-US\",\"potentialAction\":[{\"@type\":\"ReadAction\",\"target\":[\"http:\\\/\\\/la-vallee-heureuse.pausado.com\\\/en\\\/promotions-camping-la-vallee-heureuse\"]}]},{\"@type\":\"ImageObject\",\"inLanguage\":\"en-US\",\"@id\":\"http:\\\/\\\/la-vallee-heureuse.pausado.com\\\/en\\\/promotions-camping-la-vallee-heureuse#primaryimage\",\"url\":\"https:\\\/\\\/la-vallee-heureuse.pausado.com\\\/wp-content\\\/uploads\\\/sites\\\/7\\\/2025\\\/11\\\/VH-MEA-camping_converted-2.avif\",\"contentUrl\":\"https:\\\/\\\/la-vallee-heureuse.pausado.com\\\/wp-content\\\/uploads\\\/sites\\\/7\\\/2025\\\/11\\\/VH-MEA-camping_converted-2.avif\",\"width\":1200,\"height\":296,\"caption\":\"BEN EB VH\"},{\"@type\":\"BreadcrumbList\",\"@id\":\"http:\\\/\\\/la-vallee-heureuse.pausado.com\\\/en\\\/promotions-camping-la-vallee-heureuse#breadcrumb\",\"itemListElement\":[{\"@type\":\"ListItem\",\"position\":1,\"name\":\"Accueil\",\"item\":\"https:\\\/\\\/la-vallee-heureuse.pausado.com\\\/en\"},{\"@type\":\"ListItem\",\"position\":2,\"name\":\"La Vall\u00e9e Heureuse campsite special offers\"}]},{\"@type\":\"WebSite\",\"@id\":\"https:\\\/\\\/la-vallee-heureuse.pausado.com\\\/en\\\/#website\",\"url\":\"https:\\\/\\\/la-vallee-heureuse.pausado.com\\\/en\\\/\",\"name\":\"La Vall\u00e9e Heureuse\",\"description\":\"\",\"publisher\":{\"@id\":\"https:\\\/\\\/la-vallee-heureuse.pausado.com\\\/en\\\/#organization\"},\"potentialAction\":[{\"@type\":\"SearchAction\",\"target\":{\"@type\":\"EntryPoint\",\"urlTemplate\":\"https:\\\/\\\/la-vallee-heureuse.pausado.com\\\/en\\\/?s={search_term_string}\"},\"query-input\":{\"@type\":\"PropertyValueSpecification\",\"valueRequired\":true,\"valueName\":\"search_term_string\"}}],\"inLanguage\":\"en-US\"},{\"@type\":\"Organization\",\"@id\":\"https:\\\/\\\/la-vallee-heureuse.pausado.com\\\/en\\\/#organization\",\"name\":\"La Vall\u00e9e Heureuse\",\"url\":\"https:\\\/\\\/la-vallee-heureuse.pausado.com\\\/en\\\/\",\"logo\":{\"@type\":\"ImageObject\",\"inLanguage\":\"en-US\",\"@id\":\"https:\\\/\\\/la-vallee-heureuse.pausado.com\\\/en\\\/#\\\/schema\\\/logo\\\/image\\\/\",\"url\":\"https:\\\/\\\/la-vallee-heureuse.pausado.com\\\/wp-content\\\/uploads\\\/sites\\\/7\\\/2024\\\/01\\\/vallee-heureuse-camping-logo-23-1.png\",\"contentUrl\":\"https:\\\/\\\/la-vallee-heureuse.pausado.com\\\/wp-content\\\/uploads\\\/sites\\\/7\\\/2024\\\/01\\\/vallee-heureuse-camping-logo-23-1.png\",\"width\":1004,\"height\":392,\"caption\":\"La Vall\u00e9e Heureuse\"},\"image\":{\"@id\":\"https:\\\/\\\/la-vallee-heureuse.pausado.com\\\/en\\\/#\\\/schema\\\/logo\\\/image\\\/\"},\"sameAs\":[\"https:\\\/\\\/www.facebook.com\\\/campingvalleeheureuse\\\/\",\"https:\\\/\\\/www.instagram.com\\\/campinglavalleeheureuse\\\/\"]}]}<\/script>\n<!-- \/ Yoast SEO plugin. -->","yoast_head_json":{"title":"Offre promo de printemps | Camping La Vall\u00e9e Heureuse - Alpilles","description":"Profitez de notre offre de Printemps au Camping La Vall\u00e9e Heureuse \u00e0 Orgon, au c\u0153ur des Alpilles et \u00e9conomisez jusqu'\u00e0 -20% !","robots":{"index":"index","follow":"follow","max-snippet":"max-snippet:-1","max-image-preview":"max-image-preview:large","max-video-preview":"max-video-preview:-1"},"canonical":"http:\/\/la-vallee-heureuse.pausado.com\/en\/promotions-camping-la-vallee-heureuse","og_locale":"en_US","og_type":"article","og_title":"Offre promo de printemps | Camping La Vall\u00e9e Heureuse - Alpilles","og_description":"Profitez de notre offre de Printemps au Camping La Vall\u00e9e Heureuse \u00e0 Orgon, au c\u0153ur des Alpilles et \u00e9conomisez jusqu'\u00e0 -20% !","og_url":"http:\/\/la-vallee-heureuse.pausado.com\/en\/promotions-camping-la-vallee-heureuse","og_site_name":"La Vall\u00e9e Heureuse","article_publisher":"https:\/\/www.facebook.com\/campingvalleeheureuse\/","article_modified_time":"2026-03-04T11:28:36+00:00","og_image":[{"width":1004,"height":392,"url":"https:\/\/la-vallee-heureuse.pausado.com\/wp-content\/uploads\/sites\/7\/2024\/01\/vallee-heureuse-camping-logo-23-1.png","type":"image\/png"}],"twitter_card":"summary_large_image","schema":{"@context":"https:\/\/schema.org","@graph":[{"@type":"WebPage","@id":"http:\/\/la-vallee-heureuse.pausado.com\/en\/promotions-camping-la-vallee-heureuse","url":"http:\/\/la-vallee-heureuse.pausado.com\/en\/promotions-camping-la-vallee-heureuse","name":"Offre promo de printemps | Camping La Vall\u00e9e Heureuse - Alpilles","isPartOf":{"@id":"https:\/\/la-vallee-heureuse.pausado.com\/en\/#website"},"primaryImageOfPage":{"@id":"http:\/\/la-vallee-heureuse.pausado.com\/en\/promotions-camping-la-vallee-heureuse#primaryimage"},"image":{"@id":"http:\/\/la-vallee-heureuse.pausado.com\/en\/promotions-camping-la-vallee-heureuse#primaryimage"},"thumbnailUrl":"https:\/\/la-vallee-heureuse.pausado.com\/wp-content\/uploads\/sites\/7\/2025\/11\/VH-MEA-camping_converted-2.avif","datePublished":"2025-09-11T14:27:46+00:00","dateModified":"2026-03-04T11:28:36+00:00","description":"Profitez de notre offre de Printemps au Camping La Vall\u00e9e Heureuse \u00e0 Orgon, au c\u0153ur des Alpilles et \u00e9conomisez jusqu'\u00e0 -20% !","breadcrumb":{"@id":"http:\/\/la-vallee-heureuse.pausado.com\/en\/promotions-camping-la-vallee-heureuse#breadcrumb"},"inLanguage":"en-US","potentialAction":[{"@type":"ReadAction","target":["http:\/\/la-vallee-heureuse.pausado.com\/en\/promotions-camping-la-vallee-heureuse"]}]},{"@type":"ImageObject","inLanguage":"en-US","@id":"http:\/\/la-vallee-heureuse.pausado.com\/en\/promotions-camping-la-vallee-heureuse#primaryimage","url":"https:\/\/la-vallee-heureuse.pausado.com\/wp-content\/uploads\/sites\/7\/2025\/11\/VH-MEA-camping_converted-2.avif","contentUrl":"https:\/\/la-vallee-heureuse.pausado.com\/wp-content\/uploads\/sites\/7\/2025\/11\/VH-MEA-camping_converted-2.avif","width":1200,"height":296,"caption":"BEN EB VH"},{"@type":"BreadcrumbList","@id":"http:\/\/la-vallee-heureuse.pausado.com\/en\/promotions-camping-la-vallee-heureuse#breadcrumb","itemListElement":[{"@type":"ListItem","position":1,"name":"Accueil","item":"https:\/\/la-vallee-heureuse.pausado.com\/en"},{"@type":"ListItem","position":2,"name":"La Vall\u00e9e Heureuse campsite special offers"}]},{"@type":"WebSite","@id":"https:\/\/la-vallee-heureuse.pausado.com\/en\/#website","url":"https:\/\/la-vallee-heureuse.pausado.com\/en\/","name":"La Vall\u00e9e Heureuse","description":"","publisher":{"@id":"https:\/\/la-vallee-heureuse.pausado.com\/en\/#organization"},"potentialAction":[{"@type":"SearchAction","target":{"@type":"EntryPoint","urlTemplate":"https:\/\/la-vallee-heureuse.pausado.com\/en\/?s={search_term_string}"},"query-input":{"@type":"PropertyValueSpecification","valueRequired":true,"valueName":"search_term_string"}}],"inLanguage":"en-US"},{"@type":"Organization","@id":"https:\/\/la-vallee-heureuse.pausado.com\/en\/#organization","name":"La Vall\u00e9e Heureuse","url":"https:\/\/la-vallee-heureuse.pausado.com\/en\/","logo":{"@type":"ImageObject","inLanguage":"en-US","@id":"https:\/\/la-vallee-heureuse.pausado.com\/en\/#\/schema\/logo\/image\/","url":"https:\/\/la-vallee-heureuse.pausado.com\/wp-content\/uploads\/sites\/7\/2024\/01\/vallee-heureuse-camping-logo-23-1.png","contentUrl":"https:\/\/la-vallee-heureuse.pausado.com\/wp-content\/uploads\/sites\/7\/2024\/01\/vallee-heureuse-camping-logo-23-1.png","width":1004,"height":392,"caption":"La Vall\u00e9e Heureuse"},"image":{"@id":"https:\/\/la-vallee-heureuse.pausado.com\/en\/#\/schema\/logo\/image\/"},"sameAs":["https:\/\/www.facebook.com\/campingvalleeheureuse\/","https:\/\/www.instagram.com\/campinglavalleeheureuse\/"]}]}},"_links":{"self":[{"href":"https:\/\/la-vallee-heureuse.pausado.com\/en\/wp-json\/wp\/v2\/pages\/5290","targetHints":{"allow":["GET"]}}],"collection":[{"href":"https:\/\/la-vallee-heureuse.pausado.com\/en\/wp-json\/wp\/v2\/pages"}],"about":[{"href":"https:\/\/la-vallee-heureuse.pausado.com\/en\/wp-json\/wp\/v2\/types\/page"}],"author":[{"embeddable":true,"href":"https:\/\/la-vallee-heureuse.pausado.com\/en\/wp-json\/wp\/v2\/users\/4"}],"replies":[{"embeddable":true,"href":"https:\/\/la-vallee-heureuse.pausado.com\/en\/wp-json\/wp\/v2\/comments?post=5290"}],"version-history":[{"count":13,"href":"https:\/\/la-vallee-heureuse.pausado.com\/en\/wp-json\/wp\/v2\/pages\/5290\/revisions"}],"predecessor-version":[{"id":6129,"href":"https:\/\/la-vallee-heureuse.pausado.com\/en\/wp-json\/wp\/v2\/pages\/5290\/revisions\/6129"}],"wp:featuredmedia":[{"embeddable":true,"href":"https:\/\/la-vallee-heureuse.pausado.com\/en\/wp-json\/wp\/v2\/media\/5288"}],"wp:attachment":[{"href":"https:\/\/la-vallee-heureuse.pausado.com\/en\/wp-json\/wp\/v2\/media?parent=5290"}],"curies":[{"name":"wp","href":"https:\/\/api.w.org\/{rel}","templated":true}]}}